{"id":2284,"date":"2022-05-25T08:34:42","date_gmt":"2022-05-25T08:34:42","guid":{"rendered":"https:\/\/airbagauto.si\/pogoji-poslovanja\/"},"modified":"2022-09-27T08:06:28","modified_gmt":"2022-09-27T08:06:28","slug":"termini-e-condizioni","status":"publish","type":"page","link":"https:\/\/airbagauto.si\/it\/termini-e-condizioni\/","title":{"rendered":"Termini e condizioni"},"content":{"rendered":"\t\t<div data-elementor-type=\"wp-page\" data-elementor-id=\"2284\" class=\"elementor elementor-2284 elementor-220\" data-elementor-settings=\"{&quot;element_pack_global_tooltip_width&quot;:{&quot;unit&quot;:&quot;px&quot;,&quot;size&quot;:&quot;&quot;,&quot;sizes&quot;:[]},&quot;element_pack_global_tooltip_width_tablet&quot;:{&quot;unit&quot;:&quot;px&quot;,&quot;size&quot;:&quot;&quot;,&quot;sizes&quot;:[]},&quot;element_pack_global_tooltip_width_mobile&quot;:{&quot;unit&quot;:&quot;px&quot;,&quot;size&quot;:&quot;&quot;,&quot;sizes&quot;:[]},&quot;element_pack_global_tooltip_padding&quot;:{&quot;unit&quot;:&quot;px&quot;,&quot;top&quot;:&quot;&quot;,&quot;right&quot;:&quot;&quot;,&quot;bottom&quot;:&quot;&quot;,&quot;left&quot;:&quot;&quot;,&quot;isLinked&quot;:true},&quot;element_pack_global_tooltip_padding_tablet&quot;:{&quot;unit&quot;:&quot;px&quot;,&quot;top&quot;:&quot;&quot;,&quot;right&quot;:&quot;&quot;,&quot;bottom&quot;:&quot;&quot;,&quot;left&quot;:&quot;&quot;,&quot;isLinked&quot;:true},&quot;element_pack_global_tooltip_padding_mobile&quot;:{&quot;unit&quot;:&quot;px&quot;,&quot;top&quot;:&quot;&quot;,&quot;right&quot;:&quot;&quot;,&quot;bottom&quot;:&quot;&quot;,&quot;left&quot;:&quot;&quot;,&quot;isLinked&quot;:true},&quot;element_pack_global_tooltip_border_radius&quot;:{&quot;unit&quot;:&quot;px&quot;,&quot;top&quot;:&quot;&quot;,&quot;right&quot;:&quot;&quot;,&quot;bottom&quot;:&quot;&quot;,&quot;left&quot;:&quot;&quot;,&quot;isLinked&quot;:true},&quot;element_pack_global_tooltip_border_radius_tablet&quot;:{&quot;unit&quot;:&quot;px&quot;,&quot;top&quot;:&quot;&quot;,&quot;right&quot;:&quot;&quot;,&quot;bottom&quot;:&quot;&quot;,&quot;left&quot;:&quot;&quot;,&quot;isLinked&quot;:true},&quot;element_pack_global_tooltip_border_radius_mobile&quot;:{&quot;unit&quot;:&quot;px&quot;,&quot;top&quot;:&quot;&quot;,&quot;right&quot;:&quot;&quot;,&quot;bottom&quot;:&quot;&quot;,&quot;left&quot;:&quot;&quot;,&quot;isLinked&quot;:true}}\" data-elementor-post-type=\"page\">\n\t\t\t\t\t\t<section class=\"elementor-section elementor-top-section elementor-element elementor-element-37aabf8 elementor-section-boxed elementor-section-height-default elementor-section-height-default\" data-id=\"37aabf8\" data-element_type=\"section\">\n\t\t\t\t\t\t<div class=\"elementor-container elementor-column-gap-default\">\n\t\t\t\t\t<div class=\"elementor-column elementor-col-100 elementor-top-column elementor-element elementor-element-f545408\" data-id=\"f545408\" data-element_type=\"column\">\n\t\t\t<div class=\"elementor-widget-wrap elementor-element-populated\">\n\t\t\t\t\t\t<div class=\"elementor-element elementor-element-8988b6e elementor-widget elementor-widget-heading\" data-id=\"8988b6e\" data-element_type=\"widget\" data-widget_type=\"heading.default\">\n\t\t\t\t<div class=\"elementor-widget-container\">\n\t\t\t\t\t<h2 class=\"elementor-heading-title elementor-size-default\">Pogoji poslovanja<\/h2>\t\t\t\t<\/div>\n\t\t\t\t<\/div>\n\t\t\t\t<div class=\"elementor-element elementor-element-cb7566c elementor-widget elementor-widget-text-editor\" data-id=\"cb7566c\" data-element_type=\"widget\" data-widget_type=\"text-editor.default\">\n\t\t\t\t<div class=\"elementor-widget-container\">\n\t\t\t\t\t\t\t\t\t<p>Pogoji poslovanja spletne strani www.airbag.si, so sestavljeni v skladu z Zakonom o varstvu potro\u0161nikov (Uradni list RS, \u0161t. 98\/2004-UPB2, 126\/2007, 86\/2009, 78\/2011, 38\/2014, 19\/15, 55\/2017-ZKolT), Zakonom o elektronskem poslovanju na trgu ( Ur. list RS, \u0161t. 96\/09), Zakonom o izvensodnem re\u0161evanju potro\u0161ni\u0161kih sporov ( Ur. list RS, \u0161t. 81\/2015) in Zakonu o varstvu osebnih podatkov ( Ur. list RS, \u0161t. 94\/07)<br \/>S spletno trgovino upravlja podjetje AIRBAGAUTO d.o.o., Parmova ulica 53, 1000 Ljubljana, tel. 030 212 121, e-po\u0161ta: info@airbagauto.si, dav\u010dna \u0161tevilka: 10947370, ponudnik storitev e-poslovanja.<br \/>Ob registraciji obiskovalec pridobi uporabni\u0161ko ime, ki je enako naslovu njegove elektronske po\u0161te ter geslo. Uporabni\u0161ko ime in geslo uporabnika nedvoumno dolo\u010data in povezujeta z vnesenimi podatki. Z registracijo obiskovalec postane uporabnik in pridobi pravico do nakupa.<\/p>\t\t\t\t\t\t\t\t<\/div>\n\t\t\t\t<\/div>\n\t\t\t\t<div class=\"elementor-element elementor-element-fe41579 elementor-widget elementor-widget-bdt-accordion\" data-id=\"fe41579\" data-element_type=\"widget\" data-widget_type=\"bdt-accordion.default\">\n\t\t\t\t<div class=\"elementor-widget-container\">\n\t\t\t\t\t\t\t<div class=\"bdt-ep-accordion-container\">\n\t\t\t<div id=\"bdt-ep-accordion-fe41579\" class=\"bdt-ep-accordion bdt-accordion\" data-bdt-accordion=\"{&quot;collapsible&quot;:true,&quot;multiple&quot;:false,&quot;transition&quot;:&quot;ease-in-out&quot;}\" \t\tdata-settings=\"{&quot;id&quot;:&quot;bdt-ep-accordion-fe41579&quot;,&quot;activeHash&quot;:&quot;no&quot;,&quot;activeScrollspy&quot;:null,&quot;hashTopOffset&quot;:false,&quot;hashScrollspyTime&quot;:false,&quot;closeAllItemsOnMobile&quot;:false}\">\n\t\t\t\t\t\t\t\t\t<div class=\"bdt-ep-accordion-item\">\n\t\t\t\t\t\t<div\t\t\t\t\t\t\tclass=\"bdt-ep-accordion-title bdt-accordion-title bdt-flex bdt-flex-middle bdt-flex-between\" id=\"bdt-ep-accordion-naini-plaila\"\n\t\t\t\t\t\t\tdata-accordion-index=\"0\" data-title=\"na-ini-pla-ila\">\n\n\t\t\t\t\t\t\t\t\t\t\t\t\t\t\t<span class=\"bdt-ep-accordion-icon bdt-flex-align-right\"\n\t\t\t\t\t\t\t\t\taria-hidden=\"true\">\n\n\t\t\t\t\t\t\t\t\t\t\t\t\t\t\t\t\t\t\t<span class=\"bdt-ep-accordion-icon-closed\">\n\t\t\t\t\t\t\t\t\t\t\t<i aria-hidden=\"true\" class=\"fa-fw fas fa-chevron-down\"><\/i>\t\t\t\t\t\t\t\t\t\t<\/span>\n\t\t\t\t\t\t\t\t\t\n\t\t\t\t\t\t\t\t\t\t\t\t\t\t\t\t\t\t\t<span class=\"bdt-ep-accordion-icon-opened\">\n\t\t\t\t\t\t\t\t\t\t\t<i aria-hidden=\"true\" class=\"fa-fw fas fa-chevron-up\"><\/i>\t\t\t\t\t\t\t\t\t\t<\/span>\n\t\t\t\t\t\t\t\t\t\n\t\t\t\t\t\t\t\t<\/span>\n\t\t\t\t\t\t\t\n\t\t\t\t\t\t\t<span role=\"heading\" class=\"bdt-ep-title-text bdt-flex-inline bdt-flex-middle\" >\n\n\t\t\t\t\t\t\t\t\t\t\t\t\t\t\t\tNa\u010dini pla\u010dila\t\t\t\t\t\t\t<\/span>\n\n\t\t\t\t\t\t<\/div>\n\t\t\t\t\t\t<div class=\"bdt-ep-accordion-content bdt-accordion-content\">\n\t\t\t\t\t\t\t<p>Izdelke pla\u010date po povzetju z gotovino, po predra\u010dunu, preko spletnega pla\u010devanja Stripe ali z gotovino ali kartico ob osebnem prevzemu. Osebni prevzem izdelkov je mogo\u010d v primeru dogovora na dogovorjenem mestu ali na naslovu Parmova ulica 53, 1000 Ljubljana.<br \/>Ponudnik omogo\u010da naslednje na\u010dine pla\u010dila:<\/p><ul><li>Z gotovino ob prevzemu<\/li><li>Z nakazilom na transakcijski ra\u010dun odprt pri banki DH d.d. \u0161t. SI56 6100 0002 1372 842 po ponudbi\/predra\u010dunu)<\/li><li>Spletno pla\u010devanje Stripe (Visa, Mastercard, \u2026)<\/li><li>Z gotovino ali kartico ob osebnem prevzemu<\/li><\/ul><p>Ponudnik kupcu izda ra\u010dun na trajnem mediju, z raz\u010dlenjenimi stro\u0161ki in navodili, kako odstopiti od nakupa in artikle vrniti, \u010de je to potrebno in mogo\u010de.<br \/>Kupoprodajna pogodba (naro\u010dilo) je v elektronski obliki shranjena pri ponudniku in kupcu dostopna na njegovo pisno zahtevo.<\/p>\t\t\t\t\t\t<\/div>\n\t\t\t\t\t<\/div>\n\t\t\t\t\t\t\t\t\t<div class=\"bdt-ep-accordion-item\">\n\t\t\t\t\t\t<div\t\t\t\t\t\t\tclass=\"bdt-ep-accordion-title bdt-accordion-title bdt-flex bdt-flex-middle bdt-flex-between\" id=\"bdt-ep-accordion-neprevzeti-paketi\"\n\t\t\t\t\t\t\tdata-accordion-index=\"1\" data-title=\"neprevzeti-paketi\">\n\n\t\t\t\t\t\t\t\t\t\t\t\t\t\t\t<span class=\"bdt-ep-accordion-icon bdt-flex-align-right\"\n\t\t\t\t\t\t\t\t\taria-hidden=\"true\">\n\n\t\t\t\t\t\t\t\t\t\t\t\t\t\t\t\t\t\t\t<span class=\"bdt-ep-accordion-icon-closed\">\n\t\t\t\t\t\t\t\t\t\t\t<i aria-hidden=\"true\" class=\"fa-fw fas fa-chevron-down\"><\/i>\t\t\t\t\t\t\t\t\t\t<\/span>\n\t\t\t\t\t\t\t\t\t\n\t\t\t\t\t\t\t\t\t\t\t\t\t\t\t\t\t\t\t<span class=\"bdt-ep-accordion-icon-opened\">\n\t\t\t\t\t\t\t\t\t\t\t<i aria-hidden=\"true\" class=\"fa-fw fas fa-chevron-up\"><\/i>\t\t\t\t\t\t\t\t\t\t<\/span>\n\t\t\t\t\t\t\t\t\t\n\t\t\t\t\t\t\t\t<\/span>\n\t\t\t\t\t\t\t\n\t\t\t\t\t\t\t<span role=\"heading\" class=\"bdt-ep-title-text bdt-flex-inline bdt-flex-middle\" >\n\n\t\t\t\t\t\t\t\t\t\t\t\t\t\t\t\tNeprevzeti paketi\t\t\t\t\t\t\t<\/span>\n\n\t\t\t\t\t\t<\/div>\n\t\t\t\t\t\t<div class=\"bdt-ep-accordion-content bdt-accordion-content\">\n\t\t\t\t\t\t\t<p>V kolikor kupec naro\u010denih artiklov, ki so poslani s pla\u010dilom po povzetju ne prevzame v nobenem primeru, in so po preteku \u010dakalnega roka dostavne slu\u017ebe vrnjeni na naslov podjetja, se le-to NE \u0161teje kot odstop od pogodbe, saj je slednja \u0161e vedno veljavno sklenjena in gre za enostranski nenapovedan odstop kupca od pogodbe. <br \/>V kolikor kupec paketa ne prevzame s tem dejanjem podjetju povzro\u010da finan\u010dno \u0161kodo. Vse potencialne kupce pozivamo, da pred oddajo naro\u010dila preverijo svoje finan\u010dno stanje in da v primeru nezmo\u017enosti pla\u010dila ne naro\u010dajo na spletni trgovini.<br \/>Kupec je po Obligacijskem zakoniku naro\u010den paket dol\u017ean prevzeti in pla\u010dati odkupnino. V primeru neprevzetega paketa stranki zara\u010dunamo po\u0161tne in adminstrativne stro\u0161ke neprevzetega paketa. V primeru la\u017enih naro\u010dil bomo IP naslov predali v nadaljnjo obravnavo kot zlorabo. Naro\u010dnik se lahko pogodbeni kazni izogne z vnovi\u010dno dostavo pove\u010dano za stro\u0161ke vrnitve po\u0161iljke in nove dostave. Pla\u010dilo mora biti izvedeno preko predra\u010duna v roku 3 delovnih dni. Stranke, ki paketa ne prevzamejo in v prihodnosti ponovno oddajo naro\u010dilo v na\u0161i spletni trgovini bodo morale poravnati pla\u010dilo naro\u010denih izdelkov predhodno oz. s pla\u010dilom po predra\u010dunu (prek upn obrazca ali spletne banke). <br \/>POMEMBNO: Za stro\u0161ke neprevzete po\u0161iljke vam bomo poslali ra\u010dun, ki ste ga dol\u017eni pla\u010dati v roku 8 dni od izstavitve. V kolikor ra\u010dun ne bo poravnan se nastala situacija ureja s terjatvijo.<\/p>\t\t\t\t\t\t<\/div>\n\t\t\t\t\t<\/div>\n\t\t\t\t\t\t\t\t\t<div class=\"bdt-ep-accordion-item\">\n\t\t\t\t\t\t<div\t\t\t\t\t\t\tclass=\"bdt-ep-accordion-title bdt-accordion-title bdt-flex bdt-flex-middle bdt-flex-between\" id=\"bdt-ep-accordion-cene\"\n\t\t\t\t\t\t\tdata-accordion-index=\"2\" data-title=\"cene\">\n\n\t\t\t\t\t\t\t\t\t\t\t\t\t\t\t<span class=\"bdt-ep-accordion-icon bdt-flex-align-right\"\n\t\t\t\t\t\t\t\t\taria-hidden=\"true\">\n\n\t\t\t\t\t\t\t\t\t\t\t\t\t\t\t\t\t\t\t<span class=\"bdt-ep-accordion-icon-closed\">\n\t\t\t\t\t\t\t\t\t\t\t<i aria-hidden=\"true\" class=\"fa-fw fas fa-chevron-down\"><\/i>\t\t\t\t\t\t\t\t\t\t<\/span>\n\t\t\t\t\t\t\t\t\t\n\t\t\t\t\t\t\t\t\t\t\t\t\t\t\t\t\t\t\t<span class=\"bdt-ep-accordion-icon-opened\">\n\t\t\t\t\t\t\t\t\t\t\t<i aria-hidden=\"true\" class=\"fa-fw fas fa-chevron-up\"><\/i>\t\t\t\t\t\t\t\t\t\t<\/span>\n\t\t\t\t\t\t\t\t\t\n\t\t\t\t\t\t\t\t<\/span>\n\t\t\t\t\t\t\t\n\t\t\t\t\t\t\t<span role=\"heading\" class=\"bdt-ep-title-text bdt-flex-inline bdt-flex-middle\" >\n\n\t\t\t\t\t\t\t\t\t\t\t\t\t\t\t\tCene\t\t\t\t\t\t\t<\/span>\n\n\t\t\t\t\t\t<\/div>\n\t\t\t\t\t\t<div class=\"bdt-ep-accordion-content bdt-accordion-content\">\n\t\t\t\t\t\t\t<p>Cene veljajo v trenutku oddaje naro\u010dila in nimajo vnaprej dolo\u010dene veljavnosti. Cene vsebujejo DDV, saj smo zavezanci za DDV.<br \/>Cene veljajo v primeru pla\u010dila z zgoraj navedenimi na\u010dini pla\u010dila, pod zgoraj navedenimi pogoji.<br \/>Kupoprodajna pogodba med ponudnikom in kupcem je sklenjena v trenutku, ko ponudnik potrdi naro\u010dilo (kupec prejme elektronsko sporo\u010dilo o statusu Naro\u010dilo potrjeno). Od tega trenutka so vse cene in drugi pogoji fiksirani in veljajo tako za ponudnika kot za kupca.<\/p>\t\t\t\t\t\t<\/div>\n\t\t\t\t\t<\/div>\n\t\t\t\t\t\t\t\t\t<div class=\"bdt-ep-accordion-item\">\n\t\t\t\t\t\t<div\t\t\t\t\t\t\tclass=\"bdt-ep-accordion-title bdt-accordion-title bdt-flex bdt-flex-middle bdt-flex-between\" id=\"bdt-ep-accordion-postopek-nakupa\"\n\t\t\t\t\t\t\tdata-accordion-index=\"3\" data-title=\"postopek-nakupa\">\n\n\t\t\t\t\t\t\t\t\t\t\t\t\t\t\t<span class=\"bdt-ep-accordion-icon bdt-flex-align-right\"\n\t\t\t\t\t\t\t\t\taria-hidden=\"true\">\n\n\t\t\t\t\t\t\t\t\t\t\t\t\t\t\t\t\t\t\t<span class=\"bdt-ep-accordion-icon-closed\">\n\t\t\t\t\t\t\t\t\t\t\t<i aria-hidden=\"true\" class=\"fa-fw fas fa-chevron-down\"><\/i>\t\t\t\t\t\t\t\t\t\t<\/span>\n\t\t\t\t\t\t\t\t\t\n\t\t\t\t\t\t\t\t\t\t\t\t\t\t\t\t\t\t\t<span class=\"bdt-ep-accordion-icon-opened\">\n\t\t\t\t\t\t\t\t\t\t\t<i aria-hidden=\"true\" class=\"fa-fw fas fa-chevron-up\"><\/i>\t\t\t\t\t\t\t\t\t\t<\/span>\n\t\t\t\t\t\t\t\t\t\n\t\t\t\t\t\t\t\t<\/span>\n\t\t\t\t\t\t\t\n\t\t\t\t\t\t\t<span role=\"heading\" class=\"bdt-ep-title-text bdt-flex-inline bdt-flex-middle\" >\n\n\t\t\t\t\t\t\t\t\t\t\t\t\t\t\t\tPostopek nakupa\t\t\t\t\t\t\t<\/span>\n\n\t\t\t\t\t\t<\/div>\n\t\t\t\t\t\t<div class=\"bdt-ep-accordion-content bdt-accordion-content\">\n\t\t\t\t\t\t\t<ol><li>Naro\u010dilo sprejeto: Po oddaji naro\u010dila kupec prejme obvestilo po elektronski po\u0161ti, da je naro\u010dilo sprejeto. Na tem koraku ima kupec v roku 10 ur mo\u017enost preklicati naro\u010dilo.<\/li><li>Naro\u010dilo potrjeno: \u010ce kupec naro\u010dila ne prekli\u010de, gre naro\u010dilo v nadaljnjo obdelavo, ko ponudnik naro\u010dilo pregleda, preveri dobavljivost naro\u010denih artiklov in naro\u010dilo potrdi oziroma z razlogom zavrne. Ponudnik lahko za preverjanje podatkov ali zagotavljanja to\u010dnosti dobave kontaktira kupca preko e-po\u0161te ali telefona. Ob potrditvi naro\u010dila ponudnik obvesti kupca po elektronski po\u0161ti o predvidenem roku dostave. Pogodba o nakupu naro\u010denih artiklov med kupcem in ponudnikom je na tej stopnji nepreklicno sklenjena.<\/li><li>Blago odpremljeno: Ponudnik v dogovorjenem roku blago pripravi, odpo\u0161lje in o tem po elektronski po\u0161ti obvesti kupca.<\/li><\/ol>\t\t\t\t\t\t<\/div>\n\t\t\t\t\t<\/div>\n\t\t\t\t\t\t\t\t\t<div class=\"bdt-ep-accordion-item\">\n\t\t\t\t\t\t<div\t\t\t\t\t\t\tclass=\"bdt-ep-accordion-title bdt-accordion-title bdt-flex bdt-flex-middle bdt-flex-between\" id=\"bdt-ep-accordion-pravica-do-odstopa-od-pogodbe-vrailo-blaga\"\n\t\t\t\t\t\t\tdata-accordion-index=\"4\" data-title=\"pravica-do-odstopa-od-pogodbe-vra-ilo-blaga\">\n\n\t\t\t\t\t\t\t\t\t\t\t\t\t\t\t<span class=\"bdt-ep-accordion-icon bdt-flex-align-right\"\n\t\t\t\t\t\t\t\t\taria-hidden=\"true\">\n\n\t\t\t\t\t\t\t\t\t\t\t\t\t\t\t\t\t\t\t<span class=\"bdt-ep-accordion-icon-closed\">\n\t\t\t\t\t\t\t\t\t\t\t<i aria-hidden=\"true\" class=\"fa-fw fas fa-chevron-down\"><\/i>\t\t\t\t\t\t\t\t\t\t<\/span>\n\t\t\t\t\t\t\t\t\t\n\t\t\t\t\t\t\t\t\t\t\t\t\t\t\t\t\t\t\t<span class=\"bdt-ep-accordion-icon-opened\">\n\t\t\t\t\t\t\t\t\t\t\t<i aria-hidden=\"true\" class=\"fa-fw fas fa-chevron-up\"><\/i>\t\t\t\t\t\t\t\t\t\t<\/span>\n\t\t\t\t\t\t\t\t\t\n\t\t\t\t\t\t\t\t<\/span>\n\t\t\t\t\t\t\t\n\t\t\t\t\t\t\t<span role=\"heading\" class=\"bdt-ep-title-text bdt-flex-inline bdt-flex-middle\" >\n\n\t\t\t\t\t\t\t\t\t\t\t\t\t\t\t\tPravica do odstopa od pogodbe, vra\u010dilo blaga\t\t\t\t\t\t\t<\/span>\n\n\t\t\t\t\t\t<\/div>\n\t\t\t\t\t\t<div class=\"bdt-ep-accordion-content bdt-accordion-content\">\n\t\t\t\t\t\t\t<p>Potro\u0161nik ima pravico, da v 14 dneh od prevzema blaga podjetju sporo\u010di (na kontaktni e-naslov info@airbagauto.si) da odstopa od pogodbe, ne da bi mu bilo treba navesti razlog za svojo odlo\u010ditev. Edini stro\u0161ek, ki bremeni potro\u0161nika v zvezi z odstopom od pogodbe, je stro\u0161ek vra\u010dila blaga. Blago je potrebno vrniti prodajalcu najkasneje v roku 14 dni od prejema obvestila o odstopu od pogodbe (nakupa). V primeru odstopa od pogodbe nam po\u0161ljite obrazec po elektronski po\u0161ti na naslov: info@airbagauto.si. <br \/>Prejeto blago mora potro\u0161nik vrniti nepo\u0161kodovano, razen \u010de je blago uni\u010deno, pokvarjeno ali izgubljeno, ne da bi bil za to kriv potro\u0161nik.<br \/>Vra\u010dilo vpla\u010dil bo izvedeno takoj, ko je to mogo\u010de, najkasneje pa v roku 14 dni od prejema sporo\u010dila o odstopu od pogodbe. Vra\u010dilo vpla\u010dil bo izvedeno na TRR kupca.<br \/>Odstop od pogodbe: <a href=\"https:\/\/airbagauto.si\/wp-content\/uploads\/2022\/09\/ODSTOPNA-POGODBA-airbag.pdf\" target=\"_blank\" rel=\"noopener\"><strong>Prenos datoteke<\/strong><\/a><\/p>\t\t\t\t\t\t<\/div>\n\t\t\t\t\t<\/div>\n\t\t\t\t\t\t\t\t\t<div class=\"bdt-ep-accordion-item\">\n\t\t\t\t\t\t<div\t\t\t\t\t\t\tclass=\"bdt-ep-accordion-title bdt-accordion-title bdt-flex bdt-flex-middle bdt-flex-between\" id=\"bdt-ep-accordion-pritobeni-postopek-in-seznanitev-z-odgovornostjo-za-stvarne-napake\"\n\t\t\t\t\t\t\tdata-accordion-index=\"5\" data-title=\"prito-beni-postopek-in-seznanitev-z-odgovornostjo-za-stvarne-napake\">\n\n\t\t\t\t\t\t\t\t\t\t\t\t\t\t\t<span class=\"bdt-ep-accordion-icon bdt-flex-align-right\"\n\t\t\t\t\t\t\t\t\taria-hidden=\"true\">\n\n\t\t\t\t\t\t\t\t\t\t\t\t\t\t\t\t\t\t\t<span class=\"bdt-ep-accordion-icon-closed\">\n\t\t\t\t\t\t\t\t\t\t\t<i aria-hidden=\"true\" class=\"fa-fw fas fa-chevron-down\"><\/i>\t\t\t\t\t\t\t\t\t\t<\/span>\n\t\t\t\t\t\t\t\t\t\n\t\t\t\t\t\t\t\t\t\t\t\t\t\t\t\t\t\t\t<span class=\"bdt-ep-accordion-icon-opened\">\n\t\t\t\t\t\t\t\t\t\t\t<i aria-hidden=\"true\" class=\"fa-fw fas fa-chevron-up\"><\/i>\t\t\t\t\t\t\t\t\t\t<\/span>\n\t\t\t\t\t\t\t\t\t\n\t\t\t\t\t\t\t\t<\/span>\n\t\t\t\t\t\t\t\n\t\t\t\t\t\t\t<span role=\"heading\" class=\"bdt-ep-title-text bdt-flex-inline bdt-flex-middle\" >\n\n\t\t\t\t\t\t\t\t\t\t\t\t\t\t\t\tPrito\u017ebeni postopek in seznanitev z odgovornostjo za stvarne napake\t\t\t\t\t\t\t<\/span>\n\n\t\t\t\t\t\t<\/div>\n\t\t\t\t\t\t<div class=\"bdt-ep-accordion-content bdt-accordion-content\">\n\t\t\t\t\t\t\t<p>Prito\u017ebe ponudnik re\u0161uje sporazumno z potro\u0161nikom. V primeru spora je pristojno sodi\u0161\u010de v Ljubljani.<br \/>Stvarna napaka je kadar stvar nima lastnosti, ki so potrebne za njeno normalno uporabo ali za promet, \u010de stvar nima lastnosti, ki so potrebne za posebno rabo, za katero jo kupec kupuje, pa je bila prodajalcu znana oziroma bi mu morala biti znana, \u010de stvar nima lastnosti in odlik, ki so bile izrecno ali mol\u010de dogovorjene oziroma predpisane, \u010de je prodajalec izro\u010dil stvar, ki se ne ujema z vzorcem ali modelom, razen \u010de je bil vzorec ali model pokazan le zaradi obvestila. Potro\u0161nik lahko uveljavlja svoje pravice iz naslova stvarne napake, \u010de o napaki obvesti prodajalca v roku dveh mesecev od dneva, ko je bila napaka odkrita. Potro\u0161nik mora v obvestilu o napaki natan\u010dneje opisati napako in prodajalcu omogo\u010diti, da stvar pregleda. Potro\u0161nik, ki je pravilno obvestil prodajalca o napaki, ima pravico od prodajalca zahtevati, da odpravi napako na blagu ali vrne del pla\u010danega zneska v sorazmerju z napako ali blago z napako zamenja z novim brezhibnim blagom ali vrne pla\u010dani znesek.<br \/>Ne priznavamo nobenega izvajalca izvensodnega re\u0161evanja potro\u0161ni\u0161kih sporov v skladu z 32.\u010dlenom Zakona o izvensodnem re\u0161evanju potro\u0161ni\u0161kih sporov. Dru\u017eba AIRBAGAUTO d.o.o. objavlja elektronsko povezavo na platformo za spletno re\u0161evanje potro\u0161ni\u0161kih sporov: <a href=\"https:\/\/ec.europa.eu\/consumers\/odr\/main\/index.cfm?event=main.home.chooseLanguage\" target=\"_blank\" rel=\"noopener\">https:\/\/ec.europa.eu\/consumers\/odr\/main\/index.cfm?event=main.home.chooseLanguage<\/a><\/p>\t\t\t\t\t\t<\/div>\n\t\t\t\t\t<\/div>\n\t\t\t\t\t\t\t\t\t<div class=\"bdt-ep-accordion-item\">\n\t\t\t\t\t\t<div\t\t\t\t\t\t\tclass=\"bdt-ep-accordion-title bdt-accordion-title bdt-flex bdt-flex-middle bdt-flex-between\" id=\"bdt-ep-accordion-dostava\"\n\t\t\t\t\t\t\tdata-accordion-index=\"6\" data-title=\"dostava\">\n\n\t\t\t\t\t\t\t\t\t\t\t\t\t\t\t<span class=\"bdt-ep-accordion-icon bdt-flex-align-right\"\n\t\t\t\t\t\t\t\t\taria-hidden=\"true\">\n\n\t\t\t\t\t\t\t\t\t\t\t\t\t\t\t\t\t\t\t<span class=\"bdt-ep-accordion-icon-closed\">\n\t\t\t\t\t\t\t\t\t\t\t<i aria-hidden=\"true\" class=\"fa-fw fas fa-chevron-down\"><\/i>\t\t\t\t\t\t\t\t\t\t<\/span>\n\t\t\t\t\t\t\t\t\t\n\t\t\t\t\t\t\t\t\t\t\t\t\t\t\t\t\t\t\t<span class=\"bdt-ep-accordion-icon-opened\">\n\t\t\t\t\t\t\t\t\t\t\t<i aria-hidden=\"true\" class=\"fa-fw fas fa-chevron-up\"><\/i>\t\t\t\t\t\t\t\t\t\t<\/span>\n\t\t\t\t\t\t\t\t\t\n\t\t\t\t\t\t\t\t<\/span>\n\t\t\t\t\t\t\t\n\t\t\t\t\t\t\t<span role=\"heading\" class=\"bdt-ep-title-text bdt-flex-inline bdt-flex-middle\" >\n\n\t\t\t\t\t\t\t\t\t\t\t\t\t\t\t\tDostava\t\t\t\t\t\t\t<\/span>\n\n\t\t\t\t\t\t<\/div>\n\t\t\t\t\t\t<div class=\"bdt-ep-accordion-content bdt-accordion-content\">\n\t\t\t\t\t\t\t<p>Ponudnik bo blago dostavil v dogovorjenem roku 1-5 dni od prejema naro\u010dila, odvisno od dostavne slu\u017ebe, \u010de je blago na zalogi.<br \/>\u010ce blaga ni na zalogi, je rok dostave dalj\u0161i.<br \/>Pogodbeni partnerji za dostavo po\u0161iljk so Po\u0161ta Slovenije d.o.o., GLS General Logistics Systems Slovenia, logisti\u010dne storitve d.o.o. in DPD, vendar si ponudnik pridr\u017euje pravico izbrati drugo dostavno slu\u017ebo, \u010de bo s tem lahko naro\u010dilo izpolnil bolj u\u010dinkovito. Stro\u0161ki po\u0161tnine in pakiranja zna\u0161ajo 20,00\u20ac. Pri nakupu nad 500\u20ac stro\u0161kov pakiranja in po\u0161tnine ne zara\u010dunavamo.<\/p>\t\t\t\t\t\t<\/div>\n\t\t\t\t\t<\/div>\n\t\t\t\t\t\t\t\t\t<div class=\"bdt-ep-accordion-item\">\n\t\t\t\t\t\t<div\t\t\t\t\t\t\tclass=\"bdt-ep-accordion-title bdt-accordion-title bdt-flex bdt-flex-middle bdt-flex-between\" id=\"bdt-ep-accordion-komunikacija\"\n\t\t\t\t\t\t\tdata-accordion-index=\"7\" data-title=\"komunikacija\">\n\n\t\t\t\t\t\t\t\t\t\t\t\t\t\t\t<span class=\"bdt-ep-accordion-icon bdt-flex-align-right\"\n\t\t\t\t\t\t\t\t\taria-hidden=\"true\">\n\n\t\t\t\t\t\t\t\t\t\t\t\t\t\t\t\t\t\t\t<span class=\"bdt-ep-accordion-icon-closed\">\n\t\t\t\t\t\t\t\t\t\t\t<i aria-hidden=\"true\" class=\"fa-fw fas fa-chevron-down\"><\/i>\t\t\t\t\t\t\t\t\t\t<\/span>\n\t\t\t\t\t\t\t\t\t\n\t\t\t\t\t\t\t\t\t\t\t\t\t\t\t\t\t\t\t<span class=\"bdt-ep-accordion-icon-opened\">\n\t\t\t\t\t\t\t\t\t\t\t<i aria-hidden=\"true\" class=\"fa-fw fas fa-chevron-up\"><\/i>\t\t\t\t\t\t\t\t\t\t<\/span>\n\t\t\t\t\t\t\t\t\t\n\t\t\t\t\t\t\t\t<\/span>\n\t\t\t\t\t\t\t\n\t\t\t\t\t\t\t<span role=\"heading\" class=\"bdt-ep-title-text bdt-flex-inline bdt-flex-middle\" >\n\n\t\t\t\t\t\t\t\t\t\t\t\t\t\t\t\tKomunikacija\t\t\t\t\t\t\t<\/span>\n\n\t\t\t\t\t\t<\/div>\n\t\t\t\t\t\t<div class=\"bdt-ep-accordion-content bdt-accordion-content\">\n\t\t\t\t\t\t\t<p>Ponudnik bo z uporabnikom stopil v stik preko sredstev komunikacij na daljavo le, \u010de temu uporabnik izrecno ne nasprotuje.<br \/>Oglasna elektronska sporo\u010dila bodo vsebovala naslednje sestavine:<\/p><ul><li>jasno in nedvoumno bodo ozna\u010dena kot oglasna sporo\u010dila,<\/li><li>po\u0161iljatelj bo jasno razviden,<\/li><li>razli\u010dne akcije, promocije in druge tr\u017ene tehnike bodo ozna\u010dene kot tak\u0161ne. Prav tako bodo jasno dolo\u010deni pogoji udele\u017ebe v njih,<\/li><li>jasno bo predstavljen na\u010din odjave od prejemanja oglasnih sporo\u010dil,<\/li><li>\u017eeljo uporabnika, da ne \u017eeli prejemati oglasnih sporo\u010dil, bo ponudnik izrecno spo\u0161toval.<\/li><\/ul>\t\t\t\t\t\t<\/div>\n\t\t\t\t\t<\/div>\n\t\t\t\t\t\t\t\t\t<div class=\"bdt-ep-accordion-item\">\n\t\t\t\t\t\t<div\t\t\t\t\t\t\tclass=\"bdt-ep-accordion-title bdt-accordion-title bdt-flex bdt-flex-middle bdt-flex-between\" id=\"bdt-ep-accordion-kontaktni-podatki\"\n\t\t\t\t\t\t\tdata-accordion-index=\"8\" data-title=\"kontaktni-podatki\">\n\n\t\t\t\t\t\t\t\t\t\t\t\t\t\t\t<span class=\"bdt-ep-accordion-icon bdt-flex-align-right\"\n\t\t\t\t\t\t\t\t\taria-hidden=\"true\">\n\n\t\t\t\t\t\t\t\t\t\t\t\t\t\t\t\t\t\t\t<span class=\"bdt-ep-accordion-icon-closed\">\n\t\t\t\t\t\t\t\t\t\t\t<i aria-hidden=\"true\" class=\"fa-fw fas fa-chevron-down\"><\/i>\t\t\t\t\t\t\t\t\t\t<\/span>\n\t\t\t\t\t\t\t\t\t\n\t\t\t\t\t\t\t\t\t\t\t\t\t\t\t\t\t\t\t<span class=\"bdt-ep-accordion-icon-opened\">\n\t\t\t\t\t\t\t\t\t\t\t<i aria-hidden=\"true\" class=\"fa-fw fas fa-chevron-up\"><\/i>\t\t\t\t\t\t\t\t\t\t<\/span>\n\t\t\t\t\t\t\t\t\t\n\t\t\t\t\t\t\t\t<\/span>\n\t\t\t\t\t\t\t\n\t\t\t\t\t\t\t<span role=\"heading\" class=\"bdt-ep-title-text bdt-flex-inline bdt-flex-middle\" >\n\n\t\t\t\t\t\t\t\t\t\t\t\t\t\t\t\tKontaktni podatki\t\t\t\t\t\t\t<\/span>\n\n\t\t\t\t\t\t<\/div>\n\t\t\t\t\t\t<div class=\"bdt-ep-accordion-content bdt-accordion-content\">\n\t\t\t\t\t\t\t<p>Email: info@airbagauto.si<br \/>Telefon: 030 212 121<br \/>Proizvaja in polni:<br \/>AIRBAGAUTO d.o.o.,<br \/>Parmova ulica 53<br \/>1000 Ljubljana<br \/>Dav\u010dna \u0161tevilka: 10947370, mati\u010dna \u0161tevilka: 8381747000<br \/>TRR: SI56 6100 0002 1372 842 pri banki DH d.d.<br \/>Dru\u017eba je registrirana z dne 26.2.2019.<\/p>\t\t\t\t\t\t<\/div>\n\t\t\t\t\t<\/div>\n\t\t\t\t\t\t\t<\/div>\n\t\t<\/div>\n\t\t\t\t\t\t<\/div>\n\t\t\t\t<\/div>\n\t\t\t\t\t<\/div>\n\t\t<\/div>\n\t\t\t\t\t<\/div>\n\t\t<\/section>\n\t\t\t\t<\/div>\n\t\t","protected":false},"excerpt":{"rendered":"<p>Pogoji poslovanja Pogoji poslovanja spletne strani www.airbag.si, so sestavljeni v skladu z Zakonom o varstvu potro\u0161nikov (Uradni list RS, \u0161t. 98\/2004-UPB2, 126\/2007, 86\/2009, 78\/2011, 38\/2014, 19\/15, 55\/2017-ZKolT), Zakonom o elektronskem poslovanju na trgu ( Ur. list RS, \u0161t. 96\/09), Zakonom o izvensodnem re\u0161evanju potro\u0161ni\u0161kih sporov ( Ur. list RS, \u0161t. 81\/2015) in Zakonu o varstvu [&hellip;]<\/p>\n","protected":false},"author":1,"featured_media":0,"parent":0,"menu_order":0,"comment_status":"closed","ping_status":"closed","template":"","meta":{"footnotes":""},"class_list":["post-2284","page","type-page","status-publish","hentry"],"_links":{"self":[{"href":"https:\/\/airbagauto.si\/it\/wp-json\/wp\/v2\/pages\/2284","targetHints":{"allow":["GET"]}}],"collection":[{"href":"https:\/\/airbagauto.si\/it\/wp-json\/wp\/v2\/pages"}],"about":[{"href":"https:\/\/airbagauto.si\/it\/wp-json\/wp\/v2\/types\/page"}],"author":[{"embeddable":true,"href":"https:\/\/airbagauto.si\/it\/wp-json\/wp\/v2\/users\/1"}],"replies":[{"embeddable":true,"href":"https:\/\/airbagauto.si\/it\/wp-json\/wp\/v2\/comments?post=2284"}],"version-history":[{"count":1,"href":"https:\/\/airbagauto.si\/it\/wp-json\/wp\/v2\/pages\/2284\/revisions"}],"predecessor-version":[{"id":2285,"href":"https:\/\/airbagauto.si\/it\/wp-json\/wp\/v2\/pages\/2284\/revisions\/2285"}],"wp:attachment":[{"href":"https:\/\/airbagauto.si\/it\/wp-json\/wp\/v2\/media?parent=2284"}],"curies":[{"name":"wp","href":"https:\/\/api.w.org\/{rel}","templated":true}]}}